{"id":19,"date":"2025-03-13T19:31:33","date_gmt":"2025-03-13T19:31:33","guid":{"rendered":"https:\/\/demo.bravisthemes.com\/gotranscom\/?page_id=19"},"modified":"2025-03-13T19:31:33","modified_gmt":"2025-03-13T19:31:33","slug":"faqs","status":"publish","type":"page","link":"http:\/\/altbrabox.com\/nb\/faqs\/","title":{"rendered":"Vanlige sp\u00f8rsm\u00e5l"},"content":{"rendered":"<div data-elementor-type=\"wp-page\" data-elementor-id=\"19\" class=\"elementor elementor-19\">\n\t\t\t\t        <section class=\"elementor-section elementor-top-section elementor-element elementor-element-3197b6e elementor-section-stretched elementor-section-boxed elementor-section-height-default elementor-section-height-default pxl-row-scroll-none pxl-section-overflow-visible pxl-bg-color-none pxl-section-overlay-none\" data-id=\"3197b6e\" data-element_type=\"section\" data-settings=\"{&quot;stretch_section&quot;:&quot;section-stretched&quot;}\">\n\n                \n                <div class=\"elementor-container elementor-column-gap-extended\">\n                <div class=\"elementor-column elementor-col-50 elementor-top-column elementor-element elementor-element-6994486 pxl-column-none pxl-column-overflow-hidden-no\" data-id=\"6994486\" data-element_type=\"column\">\r\n        <div class=\"elementor-widget-wrap elementor-element-populated\">\r\n                     \r\n        \t\t<div class=\"elementor-element elementor-element-2a434e0 elementor-widget elementor-widget-pxl_heading\" data-id=\"2a434e0\" data-element_type=\"widget\" data-widget_type=\"pxl_heading.default\">\n\t\t\t\t<div class=\"elementor-widget-container\">\n\t\t\t\t\t<div id=\"pxl-pxl_heading-2a434e0-9194\" class=\"pxl-heading pxl-heading--tcustom px-sub-title-box-style\">\n\t<div class=\"pxl-heading--inner\">\n\t\t\t\t\n\t\t<div class=\"pxl-item--subtitle px-sub-title-box\" data-wow-delay=\"ms\">\n\t\t\t<span class=\"pxl-item--subtext\">\n\t\t\t\t\t\t\t\tOFTE STILTE SP\u00d8RSM\u00c5L\t\t\t<\/span>\n\t\t<\/div>\n\t\t\n\t<h3 class=\"pxl-item--title\" data-wow-delay=\"ms\">\n\tHar du noen sp\u00f8rsm\u00e5l?\nFinn svaret her\t\t\t\n\t<\/h3>\n\t\n<\/div>\n<\/div>\t\t\t\t<\/div>\n\t\t\t\t<\/div>\n\t\t\t\t<div class=\"elementor-element elementor-element-e3e651f elementor-widget elementor-widget-pxl_text_editor\" data-id=\"e3e651f\" data-element_type=\"widget\" data-widget_type=\"pxl_text_editor.default\">\n\t\t\t\t<div class=\"elementor-widget-container\">\n\t\t\t\t\t<div class=\"pxl-text-editor\">\n\t<div class=\"pxl-item--inner\" data-wow-delay=\"ms\">\n\t\t<p>Noen vanlige sp\u00f8rsm\u00e5l om logisco last tjenester fra logisco transport<\/p>\t\t\n\t<\/div>\n<\/div>\t\t\t\t<\/div>\n\t\t\t\t<\/div>\n\t\t\t\t<div class=\"elementor-element elementor-element-39ef70c elementor-widget elementor-widget-pxl_accordion\" data-id=\"39ef70c\" data-element_type=\"widget\" data-widget_type=\"pxl_accordion.default\">\n\t\t\t\t<div class=\"elementor-widget-container\">\n\t\t\t\t\t    <div class=\"pxl-accordion pxl-accordion1\" data-wow-delay=\"ms\">\r\n                    <div class=\"pxl--item\">\r\n                <h5 class=\"pxl-item--title\" data-target=\"#pxl_accordion-39ef70c-7075-647c7a7\">\r\n                                <span class=\"pxl-title--text\">Hva er plukke opp poeng av logistikk?<\/span>\r\n                <i class=\"icon-plus\"><\/i>\r\n                <\/h5>\r\n                <div id=\"pxl_accordion-39ef70c-7075-647c7a7\" class=\"pxl-item--content\" >Mauris ut enim sit amet lacus ornare ullamcorper. Praesent placerat neque eu purus rhoncus, vel tincidunt odio ultrices. Sed theya arrum.<\/div>\r\n            <\/div>\r\n                    <div class=\"pxl--item\">\r\n                <h5 class=\"pxl-item--title\" data-target=\"#pxl_accordion-39ef70c-7075-f708c04\">\r\n                                <span class=\"pxl-title--text\">Hva er kostnaden av varer transport?<\/span>\r\n                <i class=\"icon-plus\"><\/i>\r\n                <\/h5>\r\n                <div id=\"pxl_accordion-39ef70c-7075-f708c04\" class=\"pxl-item--content\" >Mauris ut enim sit amet lacus ornare ullamcorper. Praesent placerat neque eu<br \/>\npurus rhoncus, vel tincidunt odio ultrices. Sed theya arrum.<\/div>\r\n            <\/div>\r\n            <\/div>\r\n    \t\t\t\t<\/div>\n\t\t\t\t<\/div>\n\t\t            <\/div>\r\n        <\/div>\r\n                <div class=\"elementor-column elementor-col-50 elementor-top-column elementor-element elementor-element-b851e7a pxl-column-none pxl-column-overflow-hidden-no\" data-id=\"b851e7a\" data-element_type=\"column\">\r\n        <div class=\"elementor-widget-wrap elementor-element-populated\">\r\n                     \r\n        \t\t<div class=\"elementor-element elementor-element-bd9ef98 elementor-widget elementor-widget-pxl_accordion\" data-id=\"bd9ef98\" data-element_type=\"widget\" data-widget_type=\"pxl_accordion.default\">\n\t\t\t\t<div class=\"elementor-widget-container\">\n\t\t\t\t\t    <div class=\"pxl-accordion pxl-accordion1\" data-wow-delay=\"ms\">\r\n                    <div class=\"pxl--item active\">\r\n                <h5 class=\"pxl-item--title\" data-target=\"#pxl_accordion-bd9ef98-8151-fdddbc5\">\r\n                                <span class=\"pxl-title--text\">Hva er KG vekt kostnad av varer transport?<\/span>\r\n                <i class=\"icon-plus\"><\/i>\r\n                <\/h5>\r\n                <div id=\"pxl_accordion-bd9ef98-8151-fdddbc5\" class=\"pxl-item--content\" style=\"display: block;\">Mauris ut enim sit amet lacus ornare ullamcorper. Praesent placerat neque eu purus rhoncus, vel tincidunt odio ultrices. Sed theya arrum.<\/div>\r\n            <\/div>\r\n                    <div class=\"pxl--item\">\r\n                <h5 class=\"pxl-item--title\" data-target=\"#pxl_accordion-bd9ef98-8151-689e474\">\r\n                                <span class=\"pxl-title--text\">Hvor mye tid det tar for LTL Godstransport?<\/span>\r\n                <i class=\"icon-plus\"><\/i>\r\n                <\/h5>\r\n                <div id=\"pxl_accordion-bd9ef98-8151-689e474\" class=\"pxl-item--content\" >Mauris ut enim sit amet lacus ornare ullamcorper. Praesent placerat neque eu purus rhoncus, vel tincidunt odio ultrices. Sed theya arrum.<\/div>\r\n            <\/div>\r\n                    <div class=\"pxl--item\">\r\n                <h5 class=\"pxl-item--title\" data-target=\"#pxl_accordion-bd9ef98-8151-647c7a7\">\r\n                                <span class=\"pxl-title--text\">Hva er plukke opp poeng av logistikk?<\/span>\r\n                <i class=\"icon-plus\"><\/i>\r\n                <\/h5>\r\n                <div id=\"pxl_accordion-bd9ef98-8151-647c7a7\" class=\"pxl-item--content\" >Mauris ut enim sit amet lacus ornare ullamcorper. Praesent placerat neque eu purus rhoncus, vel tincidunt odio ultrices. Sed theya arrum.<\/div>\r\n            <\/div>\r\n                    <div class=\"pxl--item\">\r\n                <h5 class=\"pxl-item--title\" data-target=\"#pxl_accordion-bd9ef98-8151-abf2f47\">\r\n                                <span class=\"pxl-title--text\">Hva er kostnaden av varer transport?<\/span>\r\n                <i class=\"icon-plus\"><\/i>\r\n                <\/h5>\r\n                <div id=\"pxl_accordion-bd9ef98-8151-abf2f47\" class=\"pxl-item--content\" >Mauris ut enim sit amet lacus ornare ullamcorper. Praesent placerat neque eu purus rhoncus, vel tincidunt odio ultrices. Sed theya arrum.<\/div>\r\n            <\/div>\r\n            <\/div>\r\n    \t\t\t\t<\/div>\n\t\t\t\t<\/div>\n\t\t            <\/div>\r\n        <\/div>\r\n        \t\t\t<\/div>\n\t\t<\/section>\n\t\t        <section class=\"elementor-section elementor-top-section elementor-element elementor-element-7d34ab6 elementor-section-stretched elementor-section-boxed elementor-section-height-default elementor-section-height-default pxl-row-scroll-none pxl-section-overflow-visible pxl-bg-color-none pxl-section-overlay-none\" data-id=\"7d34ab6\" data-element_type=\"section\" data-settings=\"{&quot;stretch_section&quot;:&quot;section-stretched&quot;}\">\n\n                \n                <div class=\"elementor-container elementor-column-gap-extended\">\n                <div class=\"elementor-column elementor-col-100 elementor-top-column elementor-element elementor-element-1c9848d pxl-column-none pxl-column-overflow-hidden-no\" data-id=\"1c9848d\" data-element_type=\"column\">\r\n        <div class=\"elementor-widget-wrap elementor-element-populated\">\r\n                     \r\n                <section class=\"elementor-section elementor-inner-section elementor-element elementor-element-037e6ee elementor-section-boxed elementor-section-height-default elementor-section-height-default pxl-row-scroll-none pxl-section-overflow-visible pxl-bg-color-none pxl-section-overlay-none\" data-id=\"037e6ee\" data-element_type=\"section\">\n\n                \n                <div class=\"elementor-container elementor-column-gap-no\">\n                <div class=\"elementor-column elementor-col-100 elementor-inner-column elementor-element elementor-element-1e3501e pxl-column-none pxl-column-overflow-hidden-no\" data-id=\"1e3501e\" data-element_type=\"column\" data-settings=\"{&quot;background_background&quot;:&quot;classic&quot;}\">\r\n        <div class=\"elementor-widget-wrap elementor-element-populated\">\r\n                     \r\n        \t\t<div class=\"elementor-element elementor-element-ad6ce56 elementor-widget elementor-widget-pxl_heading\" data-id=\"ad6ce56\" data-element_type=\"widget\" data-widget_type=\"pxl_heading.default\">\n\t\t\t\t<div class=\"elementor-widget-container\">\n\t\t\t\t\t<div id=\"pxl-pxl_heading-ad6ce56-9233\" class=\"pxl-heading pxl-heading--tcustom px-sub-title-default-style\">\n\t<div class=\"pxl-heading--inner\">\n\t\t\t\t\t\n\t<h3 class=\"pxl-item--title\" data-wow-delay=\"ms\">\n\t\u00d8nsker \u00e5 stille flere Sp\u00f8rsm\u00e5l?\t\t\t\n\t<\/h3>\n\t\n<\/div>\n<\/div>\t\t\t\t<\/div>\n\t\t\t\t<\/div>\n\t\t\t\t<div class=\"elementor-element elementor-element-afddf43 elementor-widget elementor-widget-pxl_contact_form\" data-id=\"afddf43\" data-element_type=\"widget\" data-widget_type=\"pxl_contact_form.default\">\n\t\t\t\t<div class=\"elementor-widget-container\">\n\t\t\t\t\t    <div class=\"pxl-contact-form pxl-contact-form1 btn-w-auto\" data-wow-delay=\"ms\">\r\n        \n<div class=\"wpcf7 no-js\" id=\"wpcf7-f724-o1\" lang=\"en-US\" dir=\"ltr\" data-wpcf7-id=\"724\">\n<div class=\"screen-reader-response\"><p role=\"status\" aria-live=\"polite\" aria-atomic=\"true\"><\/p> <ul><\/ul><\/div>\n<form action=\"\/nb\/wp-json\/wp\/v2\/pages\/19#wpcf7-f724-o1\" method=\"post\" class=\"wpcf7-form init\" aria-label=\"Contact form\" novalidate=\"novalidate\" data-status=\"init\" data-trp-original-action=\"\/nb\/wp-json\/wp\/v2\/pages\/19#wpcf7-f724-o1\">\n<div style=\"display: none;\">\n<input type=\"hidden\" name=\"_wpcf7\" value=\"724\" \/>\n<input type=\"hidden\" name=\"_wpcf7_version\" value=\"6.0.5\" \/>\n<input type=\"hidden\" name=\"_wpcf7_locale\" value=\"en_US\" \/>\n<input type=\"hidden\" name=\"_wpcf7_unit_tag\" value=\"wpcf7-f724-o1\" \/>\n<input type=\"hidden\" name=\"_wpcf7_container_post\" value=\"0\" \/>\n<input type=\"hidden\" name=\"_wpcf7_posted_data_hash\" value=\"\" \/>\n<\/div>\n<div class=\"uacf7-form-724\"><div class=\"wrap-ctf3 wrap-form\">\n\t<div class=\"containter\">\n\t\t<div class=\"row\">\n\t\t\t<div class=\"input-filled col-xl-4 col-lg-4 col-md-6 col-sm-6 col-xs-12\">\n\t\t\t\t<span class=\"wpcf7-form-control-wrap your-name\">\n\t\t\t\t\t<span class=\"wpcf7-form-control-wrap\" data-name=\"your-name\"><input size=\"40\" maxlength=\"400\" class=\"wpcf7-form-control wpcf7-text wpcf7-validates-as-required\" aria-required=\"true\" aria-invalid=\"false\" placeholder=\"Ditt Navn\" value=\"\" type=\"text\" name=\"your-name\" \/><\/span>\n\t\t\t\t<\/span>\n\t\t\t<\/div>  \n\t\t\t<div class=\"input-filled col-xl-4 col-lg-4 col-md-6 col-sm-6 col-xs-12\">\n\t\t\t\t<span class=\"wpcf7-form-control-wrap your-phone\">\n\t\t\t\t\t<span class=\"wpcf7-form-control-wrap\" data-name=\"your-phone\"><input size=\"40\" maxlength=\"400\" class=\"wpcf7-form-control wpcf7-tel wpcf7-validates-as-required wpcf7-text wpcf7-validates-as-tel\" aria-required=\"true\" aria-invalid=\"false\" placeholder=\"Telefonnummer\" value=\"\" type=\"tel\" name=\"your-phone\" \/><\/span>\n\t\t\t\t<\/span>\n\t\t\t<\/div>  \n\t\t\t<div class=\"input-filled col-xl-4 col-lg-4 col-md-12 col-sm-12 col-xs-12\">\n\t\t\t\t<span class=\"wpcf7-form-control-wrap your-email\">\n\t\t\t\t\t<span class=\"wpcf7-form-control-wrap\" data-name=\"your-email\"><input size=\"40\" maxlength=\"400\" class=\"wpcf7-form-control wpcf7-email wpcf7-validates-as-required wpcf7-text wpcf7-validates-as-email\" aria-required=\"true\" aria-invalid=\"false\" placeholder=\"E-Postadresse\" value=\"\" type=\"email\" name=\"your-email\" \/><\/span>\n\t\t\t\t<\/span>\n\t\t\t<\/div> \n\t\t\t<div class=\"input-filled col-xl-12\">\n\t\t\t\t<span class=\"wpcf7-form-control-wrap your-message\">\n\t\t\t\t\t<span class=\"wpcf7-form-control-wrap\" data-name=\"your-message\"><textarea cols=\"40\" rows=\"10\" maxlength=\"2000\" class=\"wpcf7-form-control wpcf7-textarea wpcf7-validates-as-required\" aria-required=\"true\" aria-invalid=\"false\" placeholder=\"Sp\u00f8rsm\u00e5let Her\" name=\"your-message\"><\/textarea><\/span>\n\t\t\t\t<\/span>\n\t\t\t<\/div>  \n\t\t\t<div class=\"input-filled col-xl-12\"> \n\t\t\t\t<button type=\"submit\" class=\"wpcf7-submit wpcf7-btn-abs\" > Send inn\n\t\t\t\t<\/button>\n\t\t\t<\/div>\n\t\t<\/div>\n\t<\/div>\n<\/div><\/div><div class=\"wpcf7-response-output\" aria-hidden=\"true\"><\/div>\n<input type=\"hidden\" name=\"trp-form-language\" value=\"nb\"\/><\/form>\n<\/div>\n    <\/div>\r\n\t\t\t\t<\/div>\n\t\t\t\t<\/div>\n\t\t            <\/div>\r\n        <\/div>\r\n        \t\t\t<\/div>\n\t\t<\/section>\n\t\t            <\/div>\r\n        <\/div>\r\n        \t\t\t<\/div>\n\t\t<\/section>\n\t\t\t\t<\/div>","protected":false},"excerpt":{"rendered":"<p>FREQUENTLY ASKED QUESTIONS Do you have any question? Find answer here Some frequently asked questions about logisco\u2019s cargo services from logisco transportation What are the pick up points of logistics? Mauris ut enim sit amet lacus ornare ullamcorper. Praesent placerat neque eu purus rhoncus, vel tincidunt odio ultrices. Sed theya arrum. What is the cost [&hellip;]<\/p>","protected":false},"author":1,"featured_media":0,"parent":0,"menu_order":0,"comment_status":"closed","ping_status":"closed","template":"","meta":{"footnotes":""},"class_list":["post-19","page","type-page","status-publish","hentry"],"_links":{"self":[{"href":"http:\/\/altbrabox.com\/nb\/wp-json\/wp\/v2\/pages\/19","targetHints":{"allow":["GET"]}}],"collection":[{"href":"http:\/\/altbrabox.com\/nb\/wp-json\/wp\/v2\/pages"}],"about":[{"href":"http:\/\/altbrabox.com\/nb\/wp-json\/wp\/v2\/types\/page"}],"author":[{"embeddable":true,"href":"http:\/\/altbrabox.com\/nb\/wp-json\/wp\/v2\/users\/1"}],"replies":[{"embeddable":true,"href":"http:\/\/altbrabox.com\/nb\/wp-json\/wp\/v2\/comments?post=19"}],"version-history":[{"count":4,"href":"http:\/\/altbrabox.com\/nb\/wp-json\/wp\/v2\/pages\/19\/revisions"}],"predecessor-version":[{"id":10901,"href":"http:\/\/altbrabox.com\/nb\/wp-json\/wp\/v2\/pages\/19\/revisions\/10901"}],"wp:attachment":[{"href":"http:\/\/altbrabox.com\/nb\/wp-json\/wp\/v2\/media?parent=19"}],"curies":[{"name":"wp","href":"https:\/\/api.w.org\/{rel}","templated":true}]}}