{"id":10439,"date":"2025-03-13T19:31:35","date_gmt":"2025-03-13T19:31:35","guid":{"rendered":"http:\/\/altbrabox.com\/?page_id=10439"},"modified":"2025-03-13T19:31:35","modified_gmt":"2025-03-13T19:31:35","slug":"pricing","status":"publish","type":"page","link":"http:\/\/altbrabox.com\/pl\/pricing\/","title":{"rendered":"Ceny"},"content":{"rendered":"<div data-elementor-type=\"wp-page\" data-elementor-id=\"10439\" class=\"elementor elementor-10439\">\n\t\t\t\t        <section class=\"elementor-section elementor-top-section elementor-element elementor-element-4c76500b elementor-section-boxed elementor-section-height-default elementor-section-height-default pxl-row-scroll-none pxl-section-overflow-visible pxl-bg-color-none pxl-section-overlay-none\" data-id=\"4c76500b\" data-element_type=\"section\" data-settings=\"{&quot;background_background&quot;:&quot;classic&quot;}\">\n\n                \n                <div class=\"elementor-container elementor-column-gap-extended\">\n                <div class=\"elementor-column elementor-col-50 elementor-top-column elementor-element elementor-element-28b545a0 pxl-column-none pxl-column-overflow-hidden-no\" data-id=\"28b545a0\" data-element_type=\"column\">\r\n        <div class=\"elementor-widget-wrap elementor-element-populated\">\r\n                     \r\n        \t\t<div class=\"elementor-element elementor-element-440c4a9e elementor-widget elementor-widget-pxl_heading\" data-id=\"440c4a9e\" data-element_type=\"widget\" data-widget_type=\"pxl_heading.default\">\n\t\t\t\t<div class=\"elementor-widget-container\">\n\t\t\t\t\t<div id=\"pxl-pxl_heading-440c4a9e-3574\" class=\"pxl-heading pxl-heading--tcustom px-sub-title-default-style\">\n\t<div class=\"pxl-heading--inner\">\n\t\t\t\t\t\n\t<h3 class=\"pxl-item--title\" data-wow-delay=\"ms\">\n\tOferujemy atrakcyjne ceny i elastyczne warunki wsp\u00f3\u0142pracy\t\t\t\n\t<\/h3>\n\t\n<\/div>\n<\/div>\t\t\t\t<\/div>\n\t\t\t\t<\/div>\n\t\t\t\t<div class=\"elementor-element elementor-element-6d473d25 elementor-widget elementor-widget-pxl_text_editor\" data-id=\"6d473d25\" data-element_type=\"widget\" data-widget_type=\"pxl_text_editor.default\">\n\t\t\t\t<div class=\"elementor-widget-container\">\n\t\t\t\t\t<div class=\"pxl-text-editor\">\n\t<div class=\"pxl-item--inner\" data-wow-delay=\"ms\">\n\t\t<p>Mauris ut sit amet enim lacus ornare ullamcorper. Praesent placerat neque eu purus rhoncus, vel tincidunt odio ultrices. Sed theya are feugiat elis Curabitur posuere tristique.<\/p>\t\t\n\t<\/div>\n<\/div>\t\t\t\t<\/div>\n\t\t\t\t<\/div>\n\t\t\t\t<div class=\"elementor-element elementor-element-5e3ef590 elementor-widget elementor-widget-pxl_link\" data-id=\"5e3ef590\" data-element_type=\"widget\" data-widget_type=\"pxl_link.default\">\n\t\t\t\t<div class=\"elementor-widget-container\">\n\t\t\t\t\t    <ul id=\"pxl-link-pxl_link-5e3ef590-6631\" class=\"pxl-link pxl-link-l1  style-default type-vertical\" data-wow-delay=\"ms\">\r\n                    <li>\r\n                <a class=\"pxl-type-color\" >\r\n                    <svg xmlns=\"http:\/\/www.w3.org\/2000\/svg\" width=\"26\" height=\"27\" viewbox=\"0 0 26 27\" fill=\"none\"><rect y=\"0.52002\" width=\"26\" height=\"26\" rx=\"13\" fill=\"#07847F\"><\/rect><path d=\"M9 13.7351L12.375 17.1101L18 10.9226\" stroke=\"white\" stroke-width=\"1.575\" stroke-linecap=\"square\" stroke-linejoin=\"round\"><\/path><\/svg>                    <span>Samochodowe przewozy z Polski do Norwegii\/ Szwecji - 4000 PLN<\/span>\r\n                <\/a>\r\n            <\/li>\r\n                    <li>\r\n                <a class=\"pxl-type-color\" >\r\n                    <svg xmlns=\"http:\/\/www.w3.org\/2000\/svg\" width=\"26\" height=\"27\" viewbox=\"0 0 26 27\" fill=\"none\"><rect y=\"0.52002\" width=\"26\" height=\"26\" rx=\"13\" fill=\"#07847F\"><\/rect><path d=\"M9 13.7351L12.375 17.1101L18 10.9226\" stroke=\"white\" stroke-width=\"1.575\" stroke-linecap=\"square\" stroke-linejoin=\"round\"><\/path><\/svg>                    <span>Przew\u00f3z paczek i sprz\u0119tu \u2013 od 18 do 25 nok za kg<\/span>\r\n                <\/a>\r\n            <\/li>\r\n                    <li>\r\n                <a class=\"pxl-type-color\" >\r\n                    <svg xmlns=\"http:\/\/www.w3.org\/2000\/svg\" width=\"26\" height=\"27\" viewbox=\"0 0 26 27\" fill=\"none\"><rect y=\"0.52002\" width=\"26\" height=\"26\" rx=\"13\" fill=\"#07847F\"><\/rect><path d=\"M9 13.7351L12.375 17.1101L18 10.9226\" stroke=\"white\" stroke-width=\"1.575\" stroke-linecap=\"square\" stroke-linejoin=\"round\"><\/path><\/svg>                    <span>Mo\u017cliwo\u015b\u0107 dostawy na terenie ca\u0142ej Norwegii i Szwecji.<\/span>\r\n                <\/a>\r\n            <\/li>\r\n                    <li>\r\n                <a class=\"pxl-type-color\" >\r\n                    <svg xmlns=\"http:\/\/www.w3.org\/2000\/svg\" width=\"26\" height=\"27\" viewbox=\"0 0 26 27\" fill=\"none\"><rect y=\"0.52002\" width=\"26\" height=\"26\" rx=\"13\" fill=\"#07847F\"><\/rect><path d=\"M9 13.7351L12.375 17.1101L18 10.9226\" stroke=\"white\" stroke-width=\"1.575\" stroke-linecap=\"square\" stroke-linejoin=\"round\"><\/path><\/svg>                    <span>Rabaty dla sta\u0142ych klient\u00f3w i grupowy transport.<\/span>\r\n                <\/a>\r\n            <\/li>\r\n                    <li>\r\n                <a class=\"pxl-type-color\" >\r\n                    <svg xmlns=\"http:\/\/www.w3.org\/2000\/svg\" width=\"26\" height=\"27\" viewbox=\"0 0 26 27\" fill=\"none\"><rect y=\"0.52002\" width=\"26\" height=\"26\" rx=\"13\" fill=\"#07847F\"><\/rect><path d=\"M9 13.7351L12.375 17.1101L18 10.9226\" stroke=\"white\" stroke-width=\"1.575\" stroke-linecap=\"square\" stroke-linejoin=\"round\"><\/path><\/svg>                    <span>Skontaktuj si\u0119 z nami aby uzyska\u0107 indywidualn\u0105 wycen\u0119!<\/span>\r\n                <\/a>\r\n            <\/li>\r\n            <\/ul>\r\n\t\t\t\t<\/div>\n\t\t\t\t<\/div>\n\t\t            <\/div>\r\n        <\/div>\r\n                <div class=\"elementor-column elementor-col-50 elementor-top-column elementor-element elementor-element-1ecbd4d pxl-column-none pxl-column-overflow-hidden-no\" data-id=\"1ecbd4d\" data-element_type=\"column\">\r\n        <div class=\"elementor-widget-wrap elementor-element-populated\">\r\n                     \r\n        \t\t<div class=\"elementor-element elementor-element-57305bc6 elementor-widget__width-initial elementor-widget-laptop__width-inherit elementor-widget elementor-widget-pxl_image\" data-id=\"57305bc6\" data-element_type=\"widget\" data-widget_type=\"pxl_image.default\">\n\t\t\t\t<div class=\"elementor-widget-container\">\n\t\t\t\t\t<div id=\"pxl_image-57305bc6-6867\" class=\"pxl-image-single  style-default\" data-wow-delay=\"ms\" >\r\n    <div class=\"pxl-item--inner\" data-wow-delay=\"120ms\">\r\n        \r\n                                <div class=\"pxl-item--bg bg-image\" style=\"background-image: url(http:\/\/altbrabox.com\/wp-content\/uploads\/2024\/03\/t1.png);\"><\/div>\r\n                            \r\n            <\/div>\r\n<\/div>\t\t\t\t<\/div>\n\t\t\t\t<\/div>\n\t\t            <\/div>\r\n        <\/div>\r\n        \t\t\t<\/div>\n\t\t<\/section>\n\t\t\t\t<\/div>","protected":false},"excerpt":{"rendered":"<p>We offer attractive prices and flexible cooperation conditions Mauris ut enim sit amet lacus ornare ullamcorper. Praesent placerat neque eu purus rhoncus, vel tincidunt odio ultrices. Sed theya are feugiat elis Curabitur posuere tristique. Vehicle transport from Poland to Norway\/Sweden \u2013 4000 PLN Parcel and equipment transport \u2013 from 18 NOK to 25 NOK per [&hellip;]<\/p>","protected":false},"author":1,"featured_media":0,"parent":0,"menu_order":0,"comment_status":"closed","ping_status":"closed","template":"","meta":{"footnotes":""},"class_list":["post-10439","page","type-page","status-publish","hentry"],"_links":{"self":[{"href":"http:\/\/altbrabox.com\/pl\/wp-json\/wp\/v2\/pages\/10439","targetHints":{"allow":["GET"]}}],"collection":[{"href":"http:\/\/altbrabox.com\/pl\/wp-json\/wp\/v2\/pages"}],"about":[{"href":"http:\/\/altbrabox.com\/pl\/wp-json\/wp\/v2\/types\/page"}],"author":[{"embeddable":true,"href":"http:\/\/altbrabox.com\/pl\/wp-json\/wp\/v2\/users\/1"}],"replies":[{"embeddable":true,"href":"http:\/\/altbrabox.com\/pl\/wp-json\/wp\/v2\/comments?post=10439"}],"version-history":[{"count":18,"href":"http:\/\/altbrabox.com\/pl\/wp-json\/wp\/v2\/pages\/10439\/revisions"}],"predecessor-version":[{"id":11287,"href":"http:\/\/altbrabox.com\/pl\/wp-json\/wp\/v2\/pages\/10439\/revisions\/11287"}],"wp:attachment":[{"href":"http:\/\/altbrabox.com\/pl\/wp-json\/wp\/v2\/media?parent=10439"}],"curies":[{"name":"wp","href":"https:\/\/api.w.org\/{rel}","templated":true}]}}