{"id":792,"date":"2025-03-13T19:31:36","date_gmt":"2025-03-13T19:31:36","guid":{"rendered":"https:\/\/demo.bravisthemes.com\/gotranscom\/?page_id=792"},"modified":"2025-03-13T19:31:36","modified_gmt":"2025-03-13T19:31:36","slug":"shipment-tracking","status":"publish","type":"page","link":"http:\/\/altbrabox.com\/sv\/shipment-tracking\/","title":{"rendered":"Sp\u00e5rning"},"content":{"rendered":"<div data-elementor-type=\"wp-page\" data-elementor-id=\"792\" class=\"elementor elementor-792\">\n\t\t\t\t        <section class=\"elementor-section elementor-top-section elementor-element elementor-element-3a95a22 elementor-section-stretched elementor-section-boxed elementor-section-height-default elementor-section-height-default pxl-row-scroll-none pxl-section-overflow-visible pxl-bg-color-none pxl-section-overlay-none\" data-id=\"3a95a22\" data-element_type=\"section\" data-settings=\"{&quot;stretch_section&quot;:&quot;section-stretched&quot;}\">\n\n                \n                <div class=\"elementor-container elementor-column-gap-extended\">\n                <div class=\"elementor-column elementor-col-50 elementor-top-column elementor-element elementor-element-01501c0 pxl-column-none pxl-column-overflow-hidden-no\" data-id=\"01501c0\" data-element_type=\"column\">\r\n        <div class=\"elementor-widget-wrap elementor-element-populated\">\r\n                     \r\n        \t\t<div class=\"elementor-element elementor-element-643bc5f elementor-widget elementor-widget-pxl_heading\" data-id=\"643bc5f\" data-element_type=\"widget\" data-widget_type=\"pxl_heading.default\">\n\t\t\t\t<div class=\"elementor-widget-container\">\n\t\t\t\t\t<div id=\"pxl-pxl_heading-643bc5f-1693\" class=\"pxl-heading pxl-heading--tcustom px-sub-title-default-style\">\n\t<div class=\"pxl-heading--inner\">\n\t\t\t\t\t\n\t<h3 class=\"pxl-item--title\" data-wow-delay=\"ms\">\n\tSp\u00e5ra S\u00e4ndningar\t\t\t\n\t<\/h3>\n\t\n<\/div>\n<\/div>\t\t\t\t<\/div>\n\t\t\t\t<\/div>\n\t\t\t\t<div class=\"elementor-element elementor-element-645e516 elementor-widget elementor-widget-pxl_contact_form\" data-id=\"645e516\" data-element_type=\"widget\" data-widget_type=\"pxl_contact_form.default\">\n\t\t\t\t<div class=\"elementor-widget-container\">\n\t\t\t\t\t    <div class=\"pxl-contact-form pxl-contact-form1 btn-w-auto\" data-wow-delay=\"ms\">\r\n        \n<div class=\"wpcf7 no-js\" id=\"wpcf7-f795-o1\" lang=\"en-US\" dir=\"ltr\" data-wpcf7-id=\"795\">\n<div class=\"screen-reader-response\"><p role=\"status\" aria-live=\"polite\" aria-atomic=\"true\"><\/p> <ul><\/ul><\/div>\n<form action=\"\/sv\/wp-json\/wp\/v2\/pages\/792#wpcf7-f795-o1\" method=\"post\" class=\"wpcf7-form init\" aria-label=\"Contact form\" novalidate=\"novalidate\" data-status=\"init\" data-trp-original-action=\"\/sv\/wp-json\/wp\/v2\/pages\/792#wpcf7-f795-o1\">\n<div style=\"display: none;\">\n<input type=\"hidden\" name=\"_wpcf7\" value=\"795\" \/>\n<input type=\"hidden\" name=\"_wpcf7_version\" value=\"6.0.5\" \/>\n<input type=\"hidden\" name=\"_wpcf7_locale\" value=\"en_US\" \/>\n<input type=\"hidden\" name=\"_wpcf7_unit_tag\" value=\"wpcf7-f795-o1\" \/>\n<input type=\"hidden\" name=\"_wpcf7_container_post\" value=\"0\" \/>\n<input type=\"hidden\" name=\"_wpcf7_posted_data_hash\" value=\"\" \/>\n<\/div>\n<div class=\"uacf7-form-795\"><div class=\"wrap-track wrap-form\">\n    <div class=\"input-filled\">\n    <span class=\"wpcf7-form-control-wrap your-email\">\n        <span class=\"wpcf7-form-control-wrap\" data-name=\"your-email\"><input size=\"40\" maxlength=\"400\" class=\"wpcf7-form-control wpcf7-email wpcf7-validates-as-required wpcf7-text wpcf7-validates-as-email\" aria-required=\"true\" aria-invalid=\"false\" placeholder=\"E-Postadress\" value=\"\" type=\"email\" name=\"your-email\" \/><\/span>\n    <\/span>\n<\/div>\n<div class=\"input-filled\">\n    <span class=\"wpcf7-form-control-wrap your-trackingid\">\n        <span class=\"wpcf7-form-control-wrap\" data-name=\"your-email\"><input size=\"40\" maxlength=\"400\" class=\"wpcf7-form-control wpcf7-text wpcf7-validates-as-required\" aria-required=\"true\" aria-invalid=\"false\" placeholder=\"Sp\u00e5rnings-ID\" value=\"\" type=\"text\" name=\"your-email\" \/><\/span>\n    <\/span>\n<\/div>  \n<div class=\"input-filled\"> \n    <button type=\"submit\" class=\"wpcf7-submit wpcf7-btn-abs\" > Track &amp; Trace\n    <\/button>\n<\/div>\n<\/div><\/div><div class=\"wpcf7-response-output\" aria-hidden=\"true\"><\/div>\n<input type=\"hidden\" name=\"trp-form-language\" value=\"sv\"\/><\/form>\n<\/div>\n    <\/div>\r\n\t\t\t\t<\/div>\n\t\t\t\t<\/div>\n\t\t\t\t<div class=\"elementor-element elementor-element-649375a elementor-widget elementor-widget-pxl_text_editor\" data-id=\"649375a\" data-element_type=\"widget\" data-widget_type=\"pxl_text_editor.default\">\n\t\t\t\t<div class=\"elementor-widget-container\">\n\t\t\t\t\t<div class=\"pxl-text-editor\">\n\t<div class=\"pxl-item--inner\" data-wow-delay=\"ms\">\n\t\tSp\u00e5ra din MOP, lastbil, eller intermodala transporten genom att ange din BOL nummer nedan f\u00f6r att f\u00e5 omedelbar freight tracking information.\n\nAltbraBox erbjuder alla dokument och freight tracking du beh\u00f6ver f\u00f6r varje s\u00e4ndning.\t\t\n\t<\/div>\n<\/div>\t\t\t\t<\/div>\n\t\t\t\t<\/div>\n\t\t\t\t<div class=\"elementor-element elementor-element-7a50285 elementor-widget elementor-widget-pxl_text_editor\" data-id=\"7a50285\" data-element_type=\"widget\" data-widget_type=\"pxl_text_editor.default\">\n\t\t\t\t<div class=\"elementor-widget-container\">\n\t\t\t\t\t<div class=\"pxl-text-editor\">\n\t<div class=\"pxl-item--inner\" data-wow-delay=\"ms\">\n\t\t<p>Beh\u00f6ver du hj\u00e4lp? Ring en expert p\u00e5 frakt <a href=\"tel:12318005678990\">+ (123) 1800-567-8990<\/a><\/p>\t\t\n\t<\/div>\n<\/div>\t\t\t\t<\/div>\n\t\t\t\t<\/div>\n\t\t            <\/div>\r\n        <\/div>\r\n                <div class=\"elementor-column elementor-col-50 elementor-top-column elementor-element elementor-element-92c348e pxl-column-none pxl-column-overflow-hidden-no\" data-id=\"92c348e\" data-element_type=\"column\">\r\n        <div class=\"elementor-widget-wrap elementor-element-populated\">\r\n                     \r\n        \t\t<div class=\"elementor-element elementor-element-584e5d1 elementor-widget elementor-widget-pxl_link\" data-id=\"584e5d1\" data-element_type=\"widget\" data-widget_type=\"pxl_link.default\">\n\t\t\t\t<div class=\"elementor-widget-container\">\n\t\t\t\t\t    <ul id=\"pxl-link-pxl_link-584e5d1-9220\" class=\"pxl-link pxl-link-l1  style-box type-vertical\" data-wow-delay=\"ms\">\r\n                    <li>\r\n                <a class=\"pxl-type-color\" href=\"http:\/\/altbrabox.com\/sv\/track-shipment\/\">\r\n                    <svg xmlns=\"http:\/\/www.w3.org\/2000\/svg\" width=\"29\" height=\"17\" viewbox=\"0 0 29 17\" fill=\"none\"><path d=\"M0.35961 7.56245H24.8073L19.1826 1.93774L20.5084 0.611938L28.3965 8.5L20.5084 16.3881L19.1826 15.0623L24.8074 9.43745H0.35961V7.56245Z\" fill=\"#111E21\"><\/path><\/svg>                    <span>Sp\u00e5ra S\u00e4ndningar<\/span>\r\n                <\/a>\r\n            <\/li>\r\n                    <li>\r\n                <a class=\"pxl-type-color\" href=\"#\">\r\n                    <svg xmlns=\"http:\/\/www.w3.org\/2000\/svg\" width=\"29\" height=\"17\" viewbox=\"0 0 29 17\" fill=\"none\"><path d=\"M0.35961 7.56245H24.8073L19.1826 1.93774L20.5084 0.611938L28.3965 8.5L20.5084 16.3881L19.1826 15.0623L24.8074 9.43745H0.35961V7.56245Z\" fill=\"#111E21\"><\/path><\/svg>                    <span>Regler &amp; Villkor<\/span>\r\n                <\/a>\r\n            <\/li>\r\n                    <li>\r\n                <a class=\"pxl-type-color\" href=\"#\">\r\n                    <svg xmlns=\"http:\/\/www.w3.org\/2000\/svg\" width=\"29\" height=\"17\" viewbox=\"0 0 29 17\" fill=\"none\"><path d=\"M0.35961 7.56245H24.8073L19.1826 1.93774L20.5084 0.611938L28.3965 8.5L20.5084 16.3881L19.1826 15.0623L24.8074 9.43745H0.35961V7.56245Z\" fill=\"#111E21\"><\/path><\/svg>                    <span>Egna Dokument<\/span>\r\n                <\/a>\r\n            <\/li>\r\n                    <li>\r\n                <a class=\"pxl-type-color\" href=\"http:\/\/altbrabox.com\/sv\/get-a-quote-form\/\">\r\n                    <svg xmlns=\"http:\/\/www.w3.org\/2000\/svg\" width=\"29\" height=\"17\" viewbox=\"0 0 29 17\" fill=\"none\"><path d=\"M0.35961 7.56245H24.8073L19.1826 1.93774L20.5084 0.611938L28.3965 8.5L20.5084 16.3881L19.1826 15.0623L24.8074 9.43745H0.35961V7.56245Z\" fill=\"#111E21\"><\/path><\/svg>                    <span>F\u00e5 En Offert<\/span>\r\n                <\/a>\r\n            <\/li>\r\n            <\/ul>\r\n\t\t\t\t<\/div>\n\t\t\t\t<\/div>\n\t\t        <section class=\"elementor-section elementor-inner-section elementor-element elementor-element-5db5117 elementor-section-boxed elementor-section-height-default elementor-section-height-default pxl-row-scroll-none pxl-section-overflow-visible pxl-bg-color-none pxl-section-overlay-none\" data-id=\"5db5117\" data-element_type=\"section\">\n\n                \n                <div class=\"elementor-container elementor-column-gap-default\">\n                <div class=\"elementor-column elementor-col-100 elementor-inner-column elementor-element elementor-element-dd990a2 pxl-column-none pxl-column-overflow-hidden-no\" data-id=\"dd990a2\" data-element_type=\"column\">\r\n        <div class=\"elementor-widget-wrap elementor-element-populated\">\r\n                     \r\n        \t\t<div class=\"elementor-element elementor-element-3e64f54 elementor-widget elementor-widget-pxl_heading\" data-id=\"3e64f54\" data-element_type=\"widget\" data-widget_type=\"pxl_heading.default\">\n\t\t\t\t<div class=\"elementor-widget-container\">\n\t\t\t\t\t<div id=\"pxl-pxl_heading-3e64f54-9365\" class=\"pxl-heading pxl-heading--tcustom px-sub-title-default-style\">\n\t<div class=\"pxl-heading--inner\">\n\t\t\t\t\t\n\t<h3 class=\"pxl-item--title\" data-wow-delay=\"ms\">\n\tNedladdningar\t\t\t\n\t<\/h3>\n\t\n<\/div>\n<\/div>\t\t\t\t<\/div>\n\t\t\t\t<\/div>\n\t\t\t\t<div class=\"elementor-element elementor-element-da463f1 elementor-widget__width-auto elementor-widget-divider--view-line elementor-widget elementor-widget-divider\" data-id=\"da463f1\" data-element_type=\"widget\" data-widget_type=\"divider.default\">\n\t\t\t\t<div class=\"elementor-widget-container\">\n\t\t\t\t\t\t\t<div class=\"elementor-divider\">\n\t\t\t<span class=\"elementor-divider-separator\">\n\t\t\t\t\t\t<\/span>\n\t\t<\/div>\n\t\t\t\t\t\t<\/div>\n\t\t\t\t<\/div>\n\t\t\t\t<div class=\"elementor-element elementor-element-b957f3b elementor-widget elementor-widget-pxl_file_download\" data-id=\"b957f3b\" data-element_type=\"widget\" data-widget_type=\"pxl_file_download.default\">\n\t\t\t\t<div class=\"elementor-widget-container\">\n\t\t\t\t\t    <div id=\"pxl-download-pxl_file_download-b957f3b-1643\" class=\"pxl-download pxl-download-layout1 style-1\" data-wow-delay=\"ms\">\r\n                        <div class=\"pxl--item pxl-pr-60\">\r\n                                            <div class=\"pxl-item--iconfile pxl-mr-14\">\r\n                            <svg xmlns=\"http:\/\/www.w3.org\/2000\/svg\" width=\"42\" height=\"46\" viewbox=\"0 0 42 46\" fill=\"none\"><g clip-path=\"url(#clip0_181_11)\"><path d=\"M41.2957 12.3435L29.5738 0.621582C29.4285 0.47627 29.1863 0.379395 28.9926 0.379395H12.0879C9.76289 0.379395 7.87383 2.26846 7.87383 4.59346V20.9169H2.88477C1.52852 20.9169 0.462891 21.9825 0.462891 23.3388V37.531C0.462891 38.8872 1.52852 39.9528 2.88477 39.9528H7.87383V41.5028C7.87383 43.8278 9.76289 45.7169 12.0879 45.7169H37.3723C39.6973 45.7169 41.5863 43.8278 41.5863 41.5028V12.9247C41.5379 12.731 41.441 12.4888 41.2957 12.3435ZM38.6316 12.1013H32.2863C30.9301 12.1013 29.7676 10.9872 29.7676 9.58252V3.23721L38.6316 12.1013ZM2.1582 37.4825V23.2903C2.1582 22.9028 2.49727 22.5638 2.88477 22.5638H27.3941C27.7816 22.5638 28.1207 22.9028 28.1207 23.2903V37.4825C28.1207 37.87 27.7816 38.2091 27.3941 38.2091H2.88477C2.49727 38.2091 2.1582 37.87 2.1582 37.4825ZM37.3723 43.9247H12.0879C10.7316 43.9247 9.56914 42.8106 9.56914 41.406V39.856H27.3457C28.702 39.856 29.7676 38.7903 29.7676 37.4341V23.2903C29.7676 21.9341 28.702 20.8685 27.3457 20.8685H9.56914V4.54502C9.56914 3.18877 10.6832 2.02627 12.0879 2.02627H28.1207V9.58252C28.1207 11.9075 30.0098 13.7966 32.3348 13.7966H39.891V41.4544C39.8426 42.8106 38.7285 43.9247 37.3723 43.9247Z\" fill=\"black\"><\/path><path d=\"M10.4887 29.2484C10.4887 27.8438 9.37461 26.875 7.87305 26.875H4.72461V33.85H6.22617V31.5734H7.87305C9.37461 31.6219 10.4887 30.6531 10.4887 29.2484ZM7.6793 30.2172H6.17774V28.2313H7.6793C8.40586 28.2313 8.93867 28.6188 8.93867 29.2C8.93867 29.7813 8.40586 30.2172 7.6793 30.2172Z\" fill=\"black\"><\/path><path d=\"M18.4824 30.3625C18.4824 28.3281 16.8355 26.875 14.4621 26.875H11.9434V33.85H14.4621C16.8355 33.8984 18.4824 32.4453 18.4824 30.3625ZM13.4934 28.2313H14.7043C15.8668 28.1344 16.884 29.0547 16.9809 30.2172C17.0777 31.525 16.0121 32.5906 14.7043 32.4937H13.4934V28.2313Z\" fill=\"black\"><\/path><path d=\"M21.6793 31.1375H25.1668V29.7812H21.6793V28.2313H25.5543V26.875H20.1777V33.8984H21.6793V31.1375Z\" fill=\"black\"><\/path><\/g><defs><clippath id=\"clip0_181_11\"><rect width=\"42\" height=\"46\" fill=\"white\"><\/rect><\/clippath><\/defs><\/svg>                        <\/div>\r\n                                        <div class=\"pxl-item--meta\">\r\n                        <div class=\"pxl-item--subtitle el-empty\">Bill of Lading (BOL)<\/div>\r\n                        <h5 class=\"pxl-item--title el-empty\"><a class=\"pxl-item--link pxl-r-0\" href=\"#\">Ladda ner en Ifyllbara PDF <\/a><\/h5>\r\n                    <\/div>\r\n                <\/div>\r\n                        <div class=\"pxl--item pxl-pr-60\">\r\n                                            <div class=\"pxl-item--iconfile pxl-mr-14\">\r\n                            <svg xmlns=\"http:\/\/www.w3.org\/2000\/svg\" width=\"42\" height=\"46\" viewbox=\"0 0 42 46\" fill=\"none\"><g clip-path=\"url(#clip0_181_11)\"><path d=\"M41.2957 12.3435L29.5738 0.621582C29.4285 0.47627 29.1863 0.379395 28.9926 0.379395H12.0879C9.76289 0.379395 7.87383 2.26846 7.87383 4.59346V20.9169H2.88477C1.52852 20.9169 0.462891 21.9825 0.462891 23.3388V37.531C0.462891 38.8872 1.52852 39.9528 2.88477 39.9528H7.87383V41.5028C7.87383 43.8278 9.76289 45.7169 12.0879 45.7169H37.3723C39.6973 45.7169 41.5863 43.8278 41.5863 41.5028V12.9247C41.5379 12.731 41.441 12.4888 41.2957 12.3435ZM38.6316 12.1013H32.2863C30.9301 12.1013 29.7676 10.9872 29.7676 9.58252V3.23721L38.6316 12.1013ZM2.1582 37.4825V23.2903C2.1582 22.9028 2.49727 22.5638 2.88477 22.5638H27.3941C27.7816 22.5638 28.1207 22.9028 28.1207 23.2903V37.4825C28.1207 37.87 27.7816 38.2091 27.3941 38.2091H2.88477C2.49727 38.2091 2.1582 37.87 2.1582 37.4825ZM37.3723 43.9247H12.0879C10.7316 43.9247 9.56914 42.8106 9.56914 41.406V39.856H27.3457C28.702 39.856 29.7676 38.7903 29.7676 37.4341V23.2903C29.7676 21.9341 28.702 20.8685 27.3457 20.8685H9.56914V4.54502C9.56914 3.18877 10.6832 2.02627 12.0879 2.02627H28.1207V9.58252C28.1207 11.9075 30.0098 13.7966 32.3348 13.7966H39.891V41.4544C39.8426 42.8106 38.7285 43.9247 37.3723 43.9247Z\" fill=\"black\"><\/path><path d=\"M10.4887 29.2484C10.4887 27.8438 9.37461 26.875 7.87305 26.875H4.72461V33.85H6.22617V31.5734H7.87305C9.37461 31.6219 10.4887 30.6531 10.4887 29.2484ZM7.6793 30.2172H6.17774V28.2313H7.6793C8.40586 28.2313 8.93867 28.6188 8.93867 29.2C8.93867 29.7813 8.40586 30.2172 7.6793 30.2172Z\" fill=\"black\"><\/path><path d=\"M18.4824 30.3625C18.4824 28.3281 16.8355 26.875 14.4621 26.875H11.9434V33.85H14.4621C16.8355 33.8984 18.4824 32.4453 18.4824 30.3625ZM13.4934 28.2313H14.7043C15.8668 28.1344 16.884 29.0547 16.9809 30.2172C17.0777 31.525 16.0121 32.5906 14.7043 32.4937H13.4934V28.2313Z\" fill=\"black\"><\/path><path d=\"M21.6793 31.1375H25.1668V29.7812H21.6793V28.2313H25.5543V26.875H20.1777V33.8984H21.6793V31.1375Z\" fill=\"black\"><\/path><\/g><defs><clippath id=\"clip0_181_11\"><rect width=\"42\" height=\"46\" fill=\"white\"><\/rect><\/clippath><\/defs><\/svg>                        <\/div>\r\n                                        <div class=\"pxl-item--meta\">\r\n                        <div class=\"pxl-item--subtitle el-empty\">Ans\u00f6kan om Kredit<\/div>\r\n                        <h5 class=\"pxl-item--title el-empty\"><a class=\"pxl-item--link pxl-r-0\" href=\"#\">Ladda ner en Ifyllbara PDF <\/a><\/h5>\r\n                    <\/div>\r\n                <\/div>\r\n                        <div class=\"pxl--item pxl-pr-60\">\r\n                                            <div class=\"pxl-item--iconfile pxl-mr-14\">\r\n                            <svg xmlns=\"http:\/\/www.w3.org\/2000\/svg\" width=\"42\" height=\"46\" viewbox=\"0 0 42 46\" fill=\"none\"><g clip-path=\"url(#clip0_181_11)\"><path d=\"M41.2957 12.3435L29.5738 0.621582C29.4285 0.47627 29.1863 0.379395 28.9926 0.379395H12.0879C9.76289 0.379395 7.87383 2.26846 7.87383 4.59346V20.9169H2.88477C1.52852 20.9169 0.462891 21.9825 0.462891 23.3388V37.531C0.462891 38.8872 1.52852 39.9528 2.88477 39.9528H7.87383V41.5028C7.87383 43.8278 9.76289 45.7169 12.0879 45.7169H37.3723C39.6973 45.7169 41.5863 43.8278 41.5863 41.5028V12.9247C41.5379 12.731 41.441 12.4888 41.2957 12.3435ZM38.6316 12.1013H32.2863C30.9301 12.1013 29.7676 10.9872 29.7676 9.58252V3.23721L38.6316 12.1013ZM2.1582 37.4825V23.2903C2.1582 22.9028 2.49727 22.5638 2.88477 22.5638H27.3941C27.7816 22.5638 28.1207 22.9028 28.1207 23.2903V37.4825C28.1207 37.87 27.7816 38.2091 27.3941 38.2091H2.88477C2.49727 38.2091 2.1582 37.87 2.1582 37.4825ZM37.3723 43.9247H12.0879C10.7316 43.9247 9.56914 42.8106 9.56914 41.406V39.856H27.3457C28.702 39.856 29.7676 38.7903 29.7676 37.4341V23.2903C29.7676 21.9341 28.702 20.8685 27.3457 20.8685H9.56914V4.54502C9.56914 3.18877 10.6832 2.02627 12.0879 2.02627H28.1207V9.58252C28.1207 11.9075 30.0098 13.7966 32.3348 13.7966H39.891V41.4544C39.8426 42.8106 38.7285 43.9247 37.3723 43.9247Z\" fill=\"black\"><\/path><path d=\"M10.4887 29.2484C10.4887 27.8438 9.37461 26.875 7.87305 26.875H4.72461V33.85H6.22617V31.5734H7.87305C9.37461 31.6219 10.4887 30.6531 10.4887 29.2484ZM7.6793 30.2172H6.17774V28.2313H7.6793C8.40586 28.2313 8.93867 28.6188 8.93867 29.2C8.93867 29.7813 8.40586 30.2172 7.6793 30.2172Z\" fill=\"black\"><\/path><path d=\"M18.4824 30.3625C18.4824 28.3281 16.8355 26.875 14.4621 26.875H11.9434V33.85H14.4621C16.8355 33.8984 18.4824 32.4453 18.4824 30.3625ZM13.4934 28.2313H14.7043C15.8668 28.1344 16.884 29.0547 16.9809 30.2172C17.0777 31.525 16.0121 32.5906 14.7043 32.4937H13.4934V28.2313Z\" fill=\"black\"><\/path><path d=\"M21.6793 31.1375H25.1668V29.7812H21.6793V28.2313H25.5543V26.875H20.1777V33.8984H21.6793V31.1375Z\" fill=\"black\"><\/path><\/g><defs><clippath id=\"clip0_181_11\"><rect width=\"42\" height=\"46\" fill=\"white\"><\/rect><\/clippath><\/defs><\/svg>                        <\/div>\r\n                                        <div class=\"pxl-item--meta\">\r\n                        <div class=\"pxl-item--subtitle el-empty\">Frakt Ans\u00f6kningsformul\u00e4ret<\/div>\r\n                        <h5 class=\"pxl-item--title el-empty\"><a class=\"pxl-item--link pxl-r-0\" href=\"#\">Ladda ner en Ifyllbara PDF <\/a><\/h5>\r\n                    <\/div>\r\n                <\/div>\r\n            <\/div>\r\n\t\t\t\t<\/div>\n\t\t\t\t<\/div>\n\t\t            <\/div>\r\n        <\/div>\r\n        \t\t\t<\/div>\n\t\t<\/section>\n\t\t            <\/div>\r\n        <\/div>\r\n        \t\t\t<\/div>\n\t\t<\/section>\n\t\t\t\t<\/div>","protected":false},"excerpt":{"rendered":"<p>Track Shipment Track &amp; Trace Track your LTL, truckload, or intermodal shipment by entering your BOL number below to get instant freight tracking information. AltbraBox provides all the documents and freight tracking you need for every shipment. Need help? Call a shipping expert at + (123) 1800-567-8990 Track Shipment Terms &amp; Conditions Custom Documents Get [&hellip;]<\/p>","protected":false},"author":1,"featured_media":0,"parent":0,"menu_order":0,"comment_status":"closed","ping_status":"closed","template":"","meta":{"footnotes":""},"class_list":["post-792","page","type-page","status-publish","hentry"],"_links":{"self":[{"href":"http:\/\/altbrabox.com\/sv\/wp-json\/wp\/v2\/pages\/792","targetHints":{"allow":["GET"]}}],"collection":[{"href":"http:\/\/altbrabox.com\/sv\/wp-json\/wp\/v2\/pages"}],"about":[{"href":"http:\/\/altbrabox.com\/sv\/wp-json\/wp\/v2\/types\/page"}],"author":[{"embeddable":true,"href":"http:\/\/altbrabox.com\/sv\/wp-json\/wp\/v2\/users\/1"}],"replies":[{"embeddable":true,"href":"http:\/\/altbrabox.com\/sv\/wp-json\/wp\/v2\/comments?post=792"}],"version-history":[{"count":6,"href":"http:\/\/altbrabox.com\/sv\/wp-json\/wp\/v2\/pages\/792\/revisions"}],"predecessor-version":[{"id":11332,"href":"http:\/\/altbrabox.com\/sv\/wp-json\/wp\/v2\/pages\/792\/revisions\/11332"}],"wp:attachment":[{"href":"http:\/\/altbrabox.com\/sv\/wp-json\/wp\/v2\/media?parent=792"}],"curies":[{"name":"wp","href":"https:\/\/api.w.org\/{rel}","templated":true}]}}